{"id":167,"date":"2016-04-28T12:24:18","date_gmt":"2016-04-28T10:24:18","guid":{"rendered":"https:\/\/www.casabaluard.com\/?page_id=167"},"modified":"2016-06-18T12:21:57","modified_gmt":"2016-06-18T10:21:57","slug":"situacion-casa-rural","status":"publish","type":"page","link":"https:\/\/www.casabaluard.com\/es\/situacion-casa-rural\/","title":{"rendered":"Situaci\u00f3n"},"content":{"rendered":"<p>[vc_row][vc_column width=&#8221;1\/4&#8243;][vc_column_text css_animation=&#8221;right-to-left&#8221;]<\/p>\n<h2 style=\"text-align: justify;\"><strong>Situaci\u00f3n de la Casa Rural Baluard de Ferreres:<\/strong><\/h2>\n<p style=\"text-align: justify;\">A solo 1 hora de Barcelona, a 30 minutos del T\u00fanel del Cad\u00ed y a 30 minutos del Eje Transversal a su paso por Manresa, su inmejorable situaci\u00f3n hace que se llegue a la casa rural f\u00e1cilmente y que, del mismo modo, os encontr\u00e9is en un emplazamiento desde el que acceder al Pirineo Catal\u00e1n y Franc\u00e9s con total facilidad.<\/p>\n<h2 style=\"text-align: justify;\"><strong>Coordenadas GPS:<\/strong><\/h2>\n<p><a href=\"https:\/\/www.casabaluard.com\/wp-content\/uploads\/Coordenadas-GPS.png\" rel=\"attachment wp-att-318\"><img loading=\"lazy\" class=\"alignleft wp-image-318\" src=\"https:\/\/www.casabaluard.com\/wp-content\/uploads\/Coordenadas-GPS-120x120.png\" alt=\"Situaci\u00f3n Casa Rural El Baluard\" width=\"78\" height=\"93\"><\/a><strong>&#8211; 42\u00ba 3&#8242; 26.3052&#8243; (N)<\/strong><\/p>\n<p><strong>&#8211; 1\u00ba 52&#8242; 53.1474&#8243; (E)\u00a0<\/strong>[\/vc_column_text][\/vc_column][vc_column width=&#8221;3\/4&#8243;][vc_gmaps link=&#8221;#E-8_JTNDaWZyYW1lJTIwc3JjJTNEJTIyaHR0cHMlM0ElMkYlMkZ3d3cuZ29vZ2xlLmNvbSUyRm1hcHMlMkZlbWJlZCUzRnBiJTNEJTIxMW0xNiUyMTFtMTAlMjExbTMlMjExZDE1OTM5Ny4xMzc4MTE2OTU5JTIxMmQxLjc2MDg1MTk4MTg3MDM3NCUyMTNkNDIuMDY4NTY3NzQ5MDIxMzA1JTIxMm0xJTIxM2YwJTIxM20yJTIxMWkxMDI0JTIxMmk3NjglMjE0ZjEzLjElMjEzbTMlMjExbTIlMjExczB4MCUyNTNBMHg5ODRkMDZmNTFhYWRmMWQ5JTIxMnNCYWx1YXJkJTJCZGUlMkJGZXJyZXJlcyUyMTVlMCUyMTNtMiUyMTFzZXMlMjEyc2VzJTIxNHYxNDYzMTQxMDM3NDYyJTIyJTIwd2lkdGglM0QlMjI2MDAlMjIlMjBoZWlnaHQlM0QlMjI0NTAlMjIlMjBmcmFtZWJvcmRlciUzRCUyMjAlMjIlMjBzdHlsZSUzRCUyMmJvcmRlciUzQTAlMjIlMjBhbGxvd2Z1bGxzY3JlZW4lM0UlM0MlMkZpZnJhbWUlM0U=&#8221;][\/vc_column][\/vc_row]<\/p>","protected":false},"excerpt":{"rendered":"<p>[vc_row][vc_column width=&#8221;1\/4&#8243;][vc_column_text css_animation=&#8221;right-to-left&#8221;]<br \/>\nSituaci\u00f3n de la Casa Rural Baluard de Ferreres:<br \/>\nA solo 1 hora de Barcelona, a 30 minutos del T\u00fanel del Cad\u00ed y a 30 minutos del Eje Transversal a su paso por Manresa, su inmejorable situaci\u00f3n hace que se llegue a la casa rural f\u00e1cilmente y que, del mismo modo, os encontr\u00e9is en un emplazamiento desde el que acceder al Pirineo Catal\u00e1n y Franc\u00e9s con total facilidad.<br \/>\nCoordenadas GPS:<br \/>\n&#8211; 42\u00ba 3&#8242; 26.3052&#8243; (N)<br \/>\n&#8211; 1\u00ba 52&#8242; &#8230;<\/p>\n","protected":false},"author":1,"featured_media":0,"parent":0,"menu_order":0,"comment_status":"closed","ping_status":"closed","template":"template-blank-canvas.php","meta":{"ngg_post_thumbnail":0},"yoast_head":"<!-- This site is optimized with the Yoast SEO plugin v15.7 - https:\/\/yoast.com\/wordpress\/plugins\/seo\/ -->\n<meta name=\"robots\" content=\"index, follow, max-snippet:-1, max-image-preview:large, max-video-preview:-1\" \/>\n<link rel=\"canonical\" href=\"https:\/\/www.casabaluard.com\/situacion-casa-rural\/\" \/>\n<meta property=\"og:locale\" content=\"es_ES\" \/>\n<meta property=\"og:type\" content=\"article\" \/>\n<meta property=\"og:title\" content=\"Situaci\u00f3n - Casa Rural - Casa Baluard\" \/>\n<meta property=\"og:description\" content=\"[vc_row][vc_column width=&#8221;1\/4&#8243;][vc_column_text css_animation=&#8221;right-to-left&#8221;] Situaci\u00f3n de la Casa Rural Baluard de Ferreres: A solo 1 hora de Barcelona, a 30 minutos del T\u00fanel del Cad\u00ed y a 30 minutos del Eje Transversal a su paso por Manresa, su inmejorable situaci\u00f3n hace que se llegue a la casa rural f\u00e1cilmente y que, del mismo modo, os encontr\u00e9is en un emplazamiento desde el que acceder al Pirineo Catal\u00e1n y Franc\u00e9s con total facilidad. Coordenadas GPS: &#8211; 42\u00ba 3&#8242; 26.3052&#8243; (N) &#8211; 1\u00ba 52&#8242; ...\" \/>\n<meta property=\"og:url\" content=\"https:\/\/www.casabaluard.com\/situacion-casa-rural\/\" \/>\n<meta property=\"og:site_name\" content=\"Casa Rural - Casa Baluard\" \/>\n<meta property=\"article:modified_time\" content=\"2016-06-18T10:21:57+00:00\" \/>\n<meta property=\"og:image\" content=\"https:\/\/www.casabaluard.com\/wp-content\/uploads\/Coordenadas-GPS-120x120.png\" \/>\n<meta name=\"twitter:card\" content=\"summary\" \/>\n<meta name=\"twitter:label1\" content=\"Tiempo de lectura\">\n\t<meta name=\"twitter:data1\" content=\"2 minutos\">\n<script type=\"application\/ld+json\" class=\"yoast-schema-graph\">{\"@context\":\"https:\/\/schema.org\",\"@graph\":[{\"@type\":\"WebSite\",\"@id\":\"https:\/\/www.casabaluard.com\/en\/#website\",\"url\":\"https:\/\/www.casabaluard.com\/en\/\",\"name\":\"Casa Rural - Casa Baluard\",\"description\":\"Casa de Turisme Rural al Bergued\\u00e0\",\"potentialAction\":[{\"@type\":\"SearchAction\",\"target\":\"https:\/\/www.casabaluard.com\/en\/?s={search_term_string}\",\"query-input\":\"required name=search_term_string\"}],\"inLanguage\":\"es\"},{\"@type\":\"ImageObject\",\"@id\":\"https:\/\/www.casabaluard.com\/situacion-casa-rural\/#primaryimage\",\"inLanguage\":\"es\",\"url\":\"https:\/\/www.casabaluard.com\/wp-content\/uploads\/Coordenadas-GPS.png\",\"width\":489,\"height\":524,\"caption\":\"Situaci\\u00f3n Casa Rural El Baluard\"},{\"@type\":\"WebPage\",\"@id\":\"https:\/\/www.casabaluard.com\/situacion-casa-rural\/#webpage\",\"url\":\"https:\/\/www.casabaluard.com\/situacion-casa-rural\/\",\"name\":\"Situaci\\u00f3n - Casa Rural - Casa Baluard\",\"isPartOf\":{\"@id\":\"https:\/\/www.casabaluard.com\/en\/#website\"},\"primaryImageOfPage\":{\"@id\":\"https:\/\/www.casabaluard.com\/situacion-casa-rural\/#primaryimage\"},\"datePublished\":\"2016-04-28T10:24:18+00:00\",\"dateModified\":\"2016-06-18T10:21:57+00:00\",\"inLanguage\":\"es\",\"potentialAction\":[{\"@type\":\"ReadAction\",\"target\":[\"https:\/\/www.casabaluard.com\/situacion-casa-rural\/\"]}]}]}<\/script>\n<!-- \/ Yoast SEO plugin. -->","_links":{"self":[{"href":"https:\/\/www.casabaluard.com\/es\/wp-json\/wp\/v2\/pages\/167"}],"collection":[{"href":"https:\/\/www.casabaluard.com\/es\/wp-json\/wp\/v2\/pages"}],"about":[{"href":"https:\/\/www.casabaluard.com\/es\/wp-json\/wp\/v2\/types\/page"}],"author":[{"embeddable":true,"href":"https:\/\/www.casabaluard.com\/es\/wp-json\/wp\/v2\/users\/1"}],"replies":[{"embeddable":true,"href":"https:\/\/www.casabaluard.com\/es\/wp-json\/wp\/v2\/comments?post=167"}],"version-history":[{"count":17,"href":"https:\/\/www.casabaluard.com\/es\/wp-json\/wp\/v2\/pages\/167\/revisions"}],"predecessor-version":[{"id":601,"href":"https:\/\/www.casabaluard.com\/es\/wp-json\/wp\/v2\/pages\/167\/revisions\/601"}],"wp:attachment":[{"href":"https:\/\/www.casabaluard.com\/es\/wp-json\/wp\/v2\/media?parent=167"}],"curies":[{"name":"wp","href":"https:\/\/api.w.org\/{rel}","templated":true}]}}