{"id":165,"date":"2016-04-28T12:23:39","date_gmt":"2016-04-28T10:23:39","guid":{"rendered":"https:\/\/www.casabaluard.com\/?page_id=165"},"modified":"2019-10-18T15:05:31","modified_gmt":"2019-10-18T13:05:31","slug":"la-casa-rural","status":"publish","type":"page","link":"https:\/\/www.casabaluard.com\/es\/la-casa-rural\/","title":{"rendered":"La Casa Rural"},"content":{"rendered":"<p>[vc_row][vc_column width=&#8221;2\/3&#8243;][vc_column_text]<\/p>\n<h2><strong>Casa Rural de 3 habitaciones<\/strong><\/h2>\n<div class=\"accommodation-characteristic-extended\">\n<ul>\n<li><strong>3 habitaciones<\/strong>: 2 habitaciones y 1 habitaci\u00f3n triple<\/li>\n<li><strong>3 ba\u00f1os<\/strong>, cada habitaci\u00f3n tiene su ba\u00f1o<\/li>\n<li>Sal\u00f3n-comedor de 45 m2, con Wifi, <strong>chimenea<\/strong>, TV y DVD. Cocina americana equipada con: vitrocer\u00e1mica, horno, microondas, lavavajillas, tostadora, batidora, exprimidor, cafetera Nespresso y Italiana<\/li>\n<li>Porche de 100 m2, amueblado y con una <strong>barbacoa de le\u00f1a<\/strong>.<\/li>\n<li>Garaje para 1 coche<\/li>\n<li>Tambi\u00e9n dispone de:\n<ul>\n<li>Jard\u00edn con piscina y minigolf<\/li>\n<li>Sala de tennis de mesa<\/li>\n<li>Juegos para los m\u00e1s peque\u00f1os<\/li>\n<li>2 bicicletas de monta\u00f1a a disposici\u00f3n de los clientes<\/li>\n<\/ul>\n<\/li>\n<\/ul>\n<p>\u00a0<\/p>\n<\/div>\n<h2><strong>Caracter\u00edsticas principales de la casa:<\/strong><\/h2>\n<ul class=\"style-circle-grey\">\n<li>Equipaci\u00f3n Exterior: jard\u00edn,\u00a0 <strong>barbacoa de le\u00f1a<\/strong>,\u00a0 terraza,\u00a0 piscina,\u00a0 muebles de jard\u00edn,\u00a0 zona de aparcamiento&#8230;<\/li>\n<li>Equipaci\u00f3n Interior: televisi\u00f3n con conexi\u00f3n usb, dvd,\u00a0 lavadora, secadora,\u00a0 microondas,\u00a0 calefacci\u00f3n,\u00a0 lavavajillas, menaje cocina,\u00a0 ba\u00f1o en habitaci\u00f3n,\u00a0 chimenea, secador de mano en cada ba\u00f1o, toallas y s\u00e1banas&#8230;<\/li>\n<li>Servicios: bicicleta,\u00a0 cuna,\u00a0 documentaci\u00f3n sobre la zona, actividades para ni\u00f1os,\u00a0 venta de productos locales,\u00a0 granja,\u00a0 WiFi gratis..<\/li>\n<li>Situaci\u00f3n: aislada,\u00a0 se\u00f1alizaci\u00f3n del acceso,\u00a0 cerca de pistas de esqu\u00ed,\u00a0 zona de ba\u00f1o interior (r\u00edos, embalses, etc.).<\/li>\n<li>Se aceptan animales de compa\u00f1\u00eda<\/li>\n<\/ul>\n<h2><strong>El Baluard<\/strong><\/h2>\n<p>Es un establecimiento de <strong>turismo rural<\/strong> situado en la comarca del <strong>Bergued\u00e0<\/strong>, corresponde al grupo de agroturismo en la modalidad de masoveria y pertenece a la finca de masia de Ferreres\u00a0data del siglo XVI. Rodeada de extensos campos y bosques,\u00a0<strong>Baluard de Ferreres<\/strong>\u00a0es punto de partida de numerosas excursiones y rutas, invita a descansar y desconectar de la rutina\u00a0diaria, ofrece una visi\u00f3n privilegiada de las experiencias\u00a0rurales gracias a sus instalaciones, servicios y actividades. Un lugar encantador para disfrutar con la familia, amigos y con los m\u00e1s peque\u00f1os de la casa.<\/p>\n<p>Est\u00e1 situada en el municipio de Olvan (Barcelona), cerca de la carretera C-16, a escasos minutos del n\u00facleo urbano de Berga y de las propuestas culturales y deportivas m\u00e1s importantes de la comarca del\u00a0<strong>Bergued\u00e0<\/strong>.<\/p>\n<p>Entre todas las actividades que podr\u00e9is practicar, en la comarca, os recomendamos los saltos en parapente, esqu\u00ed, esqu\u00ed de fondo, trekking, bicicleta de monta\u00f1a (BTT), rutas en 4\u00d74&#8230; o si lo prefer\u00eds tambi\u00e9n\u00a0podr\u00e9is\u00a0visitar las diferentes rutas del rom\u00e1nico, el &#8220;Cam\u00ed dels Bons Homes&#8221;, el Santuario\u00a0de Queralt, los Jardines Artigues dise\u00f1ados por Gaud\u00ed en La Pobla de Lillet, la Patum&#8230; Todo ello a vuestro alcance en pocos minutos desde vuestra casa rural&#8230;[\/vc_column_text][\/vc_column][vc_column width=&#8221;1\/3&#8243;][vc_single_image image=&#8221;344&#8243; img_size=&#8221;full&#8221; alignment=&#8221;center&#8221; css_animation=&#8221;appear&#8221;][vc_single_image image=&#8221;345&#8243; img_size=&#8221;full&#8221; alignment=&#8221;center&#8221; css_animation=&#8221;appear&#8221;][vc_single_image image=&#8221;343&#8243; img_size=&#8221;full&#8221; alignment=&#8221;center&#8221; css_animation=&#8221;appear&#8221;][\/vc_column][\/vc_row]<\/p>","protected":false},"excerpt":{"rendered":"<p>[vc_row][vc_column width=&#8221;2\/3&#8243;][vc_column_text]<br \/>\nCasa Rural de 3 habitaciones<\/p>\n<p>\n3 habitaciones: 2 habitaciones y 1 habitaci\u00f3n triple<br \/>\n3 ba\u00f1os, cada habitaci\u00f3n tiene su ba\u00f1o<br \/>\nSal\u00f3n-comedor de 45 m2, con Wifi, chimenea, TV y DVD. Cocina americana equipada con: vitrocer\u00e1mica, horno, microondas, lavavajillas, tostadora, batidora, exprimidor, cafetera Nespresso y Italiana<br \/>\nPorche de 100 m2, amueblado y con una barbacoa de le\u00f1a.<br \/>\nGaraje para 1 coche<br \/>\nTambi\u00e9n dispone de:<\/p>\n<p>Jard\u00edn con piscina y minigolf<br \/>\nSala de tennis de mesa<br \/>\nJuegos para &#8230;<\/p>\n","protected":false},"author":1,"featured_media":0,"parent":0,"menu_order":0,"comment_status":"closed","ping_status":"closed","template":"template-blank-canvas.php","meta":{"ngg_post_thumbnail":0},"yoast_head":"<!-- This site is optimized with the Yoast SEO plugin v15.7 - https:\/\/yoast.com\/wordpress\/plugins\/seo\/ -->\n<meta name=\"robots\" content=\"index, follow, max-snippet:-1, max-image-preview:large, max-video-preview:-1\" \/>\n<link rel=\"canonical\" href=\"https:\/\/www.casabaluard.com\/la-casa-rural\/\" \/>\n<meta property=\"og:locale\" content=\"es_ES\" \/>\n<meta property=\"og:type\" content=\"article\" \/>\n<meta property=\"og:title\" content=\"La Casa Rural - Casa Rural - Casa Baluard\" \/>\n<meta property=\"og:description\" content=\"[vc_row][vc_column width=&#8221;2\/3&#8243;][vc_column_text] Casa Rural de 3 habitaciones  3 habitaciones: 2 habitaciones y 1 habitaci\u00f3n triple 3 ba\u00f1os, cada habitaci\u00f3n tiene su ba\u00f1o Sal\u00f3n-comedor de 45 m2, con Wifi, chimenea, TV y DVD. Cocina americana equipada con: vitrocer\u00e1mica, horno, microondas, lavavajillas, tostadora, batidora, exprimidor, cafetera Nespresso y Italiana Porche de 100 m2, amueblado y con una barbacoa de le\u00f1a. Garaje para 1 coche Tambi\u00e9n dispone de: Jard\u00edn con piscina y minigolf Sala de tennis de mesa Juegos para ...\" \/>\n<meta property=\"og:url\" content=\"https:\/\/www.casabaluard.com\/la-casa-rural\/\" \/>\n<meta property=\"og:site_name\" content=\"Casa Rural - Casa Baluard\" \/>\n<meta property=\"article:modified_time\" content=\"2019-10-18T13:05:31+00:00\" \/>\n<meta name=\"twitter:card\" content=\"summary\" \/>\n<meta name=\"twitter:label1\" content=\"Tiempo de lectura\">\n\t<meta name=\"twitter:data1\" content=\"6 minutos\">\n<script type=\"application\/ld+json\" class=\"yoast-schema-graph\">{\"@context\":\"https:\/\/schema.org\",\"@graph\":[{\"@type\":\"WebSite\",\"@id\":\"https:\/\/www.casabaluard.com\/en\/#website\",\"url\":\"https:\/\/www.casabaluard.com\/en\/\",\"name\":\"Casa Rural - Casa Baluard\",\"description\":\"Casa de Turisme Rural al Bergued\\u00e0\",\"potentialAction\":[{\"@type\":\"SearchAction\",\"target\":\"https:\/\/www.casabaluard.com\/en\/?s={search_term_string}\",\"query-input\":\"required name=search_term_string\"}],\"inLanguage\":\"es\"},{\"@type\":\"WebPage\",\"@id\":\"https:\/\/www.casabaluard.com\/la-casa-rural\/#webpage\",\"url\":\"https:\/\/www.casabaluard.com\/la-casa-rural\/\",\"name\":\"La Casa Rural - Casa Rural - Casa Baluard\",\"isPartOf\":{\"@id\":\"https:\/\/www.casabaluard.com\/en\/#website\"},\"datePublished\":\"2016-04-28T10:23:39+00:00\",\"dateModified\":\"2019-10-18T13:05:31+00:00\",\"inLanguage\":\"es\",\"potentialAction\":[{\"@type\":\"ReadAction\",\"target\":[\"https:\/\/www.casabaluard.com\/la-casa-rural\/\"]}]}]}<\/script>\n<!-- \/ Yoast SEO plugin. -->","_links":{"self":[{"href":"https:\/\/www.casabaluard.com\/es\/wp-json\/wp\/v2\/pages\/165"}],"collection":[{"href":"https:\/\/www.casabaluard.com\/es\/wp-json\/wp\/v2\/pages"}],"about":[{"href":"https:\/\/www.casabaluard.com\/es\/wp-json\/wp\/v2\/types\/page"}],"author":[{"embeddable":true,"href":"https:\/\/www.casabaluard.com\/es\/wp-json\/wp\/v2\/users\/1"}],"replies":[{"embeddable":true,"href":"https:\/\/www.casabaluard.com\/es\/wp-json\/wp\/v2\/comments?post=165"}],"version-history":[{"count":36,"href":"https:\/\/www.casabaluard.com\/es\/wp-json\/wp\/v2\/pages\/165\/revisions"}],"predecessor-version":[{"id":1251,"href":"https:\/\/www.casabaluard.com\/es\/wp-json\/wp\/v2\/pages\/165\/revisions\/1251"}],"wp:attachment":[{"href":"https:\/\/www.casabaluard.com\/es\/wp-json\/wp\/v2\/media?parent=165"}],"curies":[{"name":"wp","href":"https:\/\/api.w.org\/{rel}","templated":true}]}}