{"id":1400,"date":"2026-02-06T10:38:10","date_gmt":"2026-02-06T08:38:10","guid":{"rendered":"https:\/\/www.casabaluard.com\/?page_id=1400"},"modified":"2026-02-06T11:33:07","modified_gmt":"2026-02-06T09:33:07","slug":"politica-de-privacitat","status":"publish","type":"page","link":"https:\/\/www.casabaluard.com\/es\/politica-de-privacitat\/","title":{"rendered":"Pol\u00edtica de privacidad"},"content":{"rendered":"<p>[vc_row][vc_column][vc_custom_heading text=&#8221;Pol\u00edtica de privacidad&#8221; font_container=&#8221;tag:h2|font_size:35|text_align:left&#8221;][\/vc_column][\/vc_row][vc_row][vc_column][vc_column_text css=&#8221;.vc_custom_1770370340114{padding-top: 25px !important;}&#8221;]<\/p>\n<h2>Introducci\u00f3n<\/h2>\n<p>A continuaci\u00f3n le informamos de la pol\u00edtica de privacidad de MARIANO ANGLERILL GIN\u00c9, de acuerdo con la normativa del Reglamento (UE) 2016\/679 del Parlamento Europeo y del Consejo, de 27 de abril de 2016, relativo a la protecci\u00f3n de las personas f\u00edsicas en lo que respecta al tratamiento de datos personales y a la libre circulaci\u00f3n de estos datos, y por el que se deroga la Directiva 95\/46\/CE (Reglamento General de Protecci\u00f3n de Datos, en adelante \u00abRGPD\u00bb).<\/p>\n<h2>Entidad responsable<\/h2>\n<p>La persona responsable de la protecci\u00f3n de datos es quien se encarga del cumplimiento de la normativa de protecci\u00f3n de datos; entre sus funciones se encuentra la de proteger los datos personales que haya proporcionado a MARIANO ANGLERILL GIN\u00c9. Si tiene cualquier duda, consulta o petici\u00f3n sobre el tema, puede escribir a <a href=\"mailto:info@casabaluard.com\">info@casabaluard.com<\/a>.<\/p>\n<p>MARIANO ANGLERILL GIN\u00c9 est\u00e1 constituida seg\u00fan la Ley 7\/1997, de 18 de junio, de asociaciones (DOG 2423, de 1 de julio) y la Ley org\u00e1nica 1\/2002, de 22 de marzo, reguladora del derecho de asociaci\u00f3n (BOE n\u00fam. 73, de 26 de marzo) y sus estatutos.<\/p>\n<p>Los sitios web y direcciones URL derivadas de <a href=\"https:\/\/www.casabaluard.com\" target=\"_blank\" rel=\"noopener\">www.casabaluard.com<br \/>\n<\/a> (en adelante \u00absitios web\u00bb) son responsabilidad de MARIANO ANGLERILL GIN\u00c9, y la informaci\u00f3n que se pueda recabar se incorporar\u00e1 en sus sistemas de tratamiento.<\/p>\n<h2>Persona responsable<\/h2>\n<p>La persona responsable de la protecci\u00f3n de datos es quien se encarga del cumplimiento de la normativa de protecci\u00f3n de datos; entre sus funciones se encuentra la de proteger los datos personales que haya proporcionado a MARIANO ANGLERILL GIN\u00c9. Si tiene cualquier duda, consulta o petici\u00f3n sobre el tema, puede escribir a <a href=\"mailto:info@casabaluard.com\">info@casabaluard.com<\/a>.<\/p>\n<h2>Limitaci\u00f3n de responsabilidad<\/h2>\n<p>MARIANO ANGLERILL GIN\u00c9 es responsable \u00fanicamente de la informaci\u00f3n que obtiene previa solicitud de los usuarios de sus sitios web, y no de cualquier otra informaci\u00f3n personal que de manera eventual estos pudieran ceder, transmitir o facilitar mediante cualquier otro mecanismo.<\/p>\n<h2>Transparencia<\/h2>\n<p>Desde MARIANO ANGLERILL GIN\u00c9 intentamos proporcionar a los interesados una informaci\u00f3n transparente y concisa, en un lenguaje claro y sencillo, tanto en lo que respecta a las condiciones del tratamiento de sus datos como a las respuestas al ejercicio de sus derechos.<\/p>\n<h2>Tratamiento y conservaci\u00f3n de los datos personales<\/h2>\n<p>El objetivo de MARIANO ANGLERILL GIN\u00c9 es que el cliente quede satisfecho con todos los servicios que ponemos a su alcance; por tanto, los datos personales que los usuarios proporcionen a los sitios web se utilizar\u00e1n exclusivamente para hacerles llegar informaci\u00f3n sobre los servicios que ofrece MARIANO ANGLERILL GIN\u00c9.<\/p>\n<p>La base que ampara los tratamientos indicados es la existencia de un inter\u00e9s leg\u00edtimo: se considera que, como interesados en los servicios de MARIANO ANGLERILL GIN\u00c9, los usuarios dan su consentimiento en lo que respecta al mencionado tratamiento de sus datos personales y al uso de cookies en los sitios web.<\/p>\n<p><strong>Esto implica que:<\/strong><\/p>\n<ul>\n<li>Los datos se conservar\u00e1n mientras perdure el consentimiento de los usuarios, excepto en aquellos casos en que MARIANO ANGLERILL GIN\u00c9 est\u00e9 obligada legalmente a conservarlos.<\/li>\n<li>De acuerdo con los derechos que les confiere la normativa vigente en protecci\u00f3n de datos, los usuarios podr\u00e1n dirigirse a la autoridad de control competente para presentar la reclamaci\u00f3n que consideren oportuna, as\u00ed como para ejercer los derechos de Acceso, Rectificaci\u00f3n, Cancelaci\u00f3n y Oposici\u00f3n (ARCO) en lo que respecta al tratamiento de sus datos de car\u00e1cter personal.<\/li>\n<li>Cuando un usuario comunique a MARIANO ANGLERILL GIN\u00c9 que desea dejar de aparecer en sus ficheros, se eliminar\u00e1n todos sus datos que no sean estrictamente necesarios para completar las gestiones administrativas y acad\u00e9micas de los cursos de MARIANO ANGLERILL GIN\u00c9 en los que se haya inscrito.<\/li>\n<li>Todos los datos se almacenan en los servidores de MARIANO ANGLERILL GIN\u00c9 o contratados por esta, en territorio espa\u00f1ol.<\/li>\n<li>El mero acceso a los sitios web, as\u00ed como a cualquiera de sus contenidos y servicios, implica la aceptaci\u00f3n sin reservas de la presente pol\u00edtica de privacidad, tambi\u00e9n aplicable previamente a la posible contrataci\u00f3n de los servicios que MARIANO ANGLERILL GIN\u00c9 ponga a disposici\u00f3n de los usuarios. Por tanto, es obligatorio aceptar y cumplir esta pol\u00edtica de privacidad antes de acceder a los sitios web o contratar un servicio de MARIANO ANGLERILL GIN\u00c9.<\/li>\n<li>El usuario acepta que la navegaci\u00f3n por los sitios web conlleva la recogida y tratamiento de sus datos en los ficheros de MARIANO ANGLERILL GIN\u00c9. Para que el usuario sea consciente de cu\u00e1l ser\u00e1 la informaci\u00f3n recopilada, c\u00f3mo ser\u00e1 tratada y en qu\u00e9 circunstancias se comunicar\u00e1, MARIANO ANGLERILL GIN\u00c9 se compromete a actualizar en esta p\u00e1gina los cambios que se efect\u00faen en la pol\u00edtica de privacidad, as\u00ed como a anunciarlos en cualquier otro lugar que considere apropiado.<\/li>\n<\/ul>\n<h2>Comunicaci\u00f3n a terceros<\/h2>\n<p>MARIANO ANGLERILL GIN\u00c9 no ceder\u00e1 los datos personales del usuario a terceros, excepto por obligaci\u00f3n legal o requerimiento judicial.<\/p>\n<h2>Informaci\u00f3n sobre derechos de los interesados y seguridad de la informaci\u00f3n<\/h2>\n<p>De acuerdo con lo establecido por el art\u00edculo 32 del Reglamento (UE) 2016\/679 del Parlamento Europeo y del Consejo, de 27 de abril de 2016, relativo a la protecci\u00f3n de las personas f\u00edsicas en lo que respecta al tratamiento de datos personales y a la libre circulaci\u00f3n de estos datos, y por el que se deroga la Directiva 95\/46\/CE (Reglamento general de protecci\u00f3n de datos), MARIANO ANGLERILL GIN\u00c9 se compromete a adoptar las medidas t\u00e9cnicas y organizativas necesarias para garantizar la integridad, confidencialidad y disponibilidad de los datos del usuario teniendo en cuenta los riesgos que acompa\u00f1an su tratamiento.<\/p>\n<p>Adem\u00e1s, en caso de que el usuario introduzca datos en los formularios de los sitios web de terceros, ser\u00e1n estos \u00faltimos, y no MARIANO ANGLERILL GIN\u00c9, los responsables de los datos de car\u00e1cter personal y quienes deber\u00e1n adoptar las medidas t\u00e9cnicas descritas en el p\u00e1rrafo anterior.<\/p>\n<h2>Derechos ARCO<\/h2>\n<p>De acuerdo con el cap\u00edtulo 3 del RGPD, todas las personas pueden ejercer los derechos de Acceso, Rectificaci\u00f3n, Cancelaci\u00f3n y Oposici\u00f3n (ARCO) en relaci\u00f3n con sus datos personales, de modo que todas las entidades est\u00e1n obligadas a garantizar su cumplimiento. As\u00ed, respecto a MARIANO ANGLERILL GIN\u00c9, a trav\u00e9s del canal de atenci\u00f3n <a href=\"mailto:info@casabaluard.com\">info@casabaluard.com<\/a> el usuario puede ejercer cualquiera de los siguientes derechos (haga clic encima para descargarse el modelo de solicitud):<\/p>\n<ul>\n<li>Derecho de Acceso: puede consultar sus datos personales incluidos en nuestros ficheros.<\/li>\n<li>Derecho de Rectificaci\u00f3n: puede solicitarnos que modifiquemos sus datos personales si son inexactos.<\/li>\n<li>Derecho de Cancelaci\u00f3n o supresi\u00f3n: puede solicitarnos que eliminemos sus datos personales de nuestros ficheros.<\/li>\n<li>Derecho de Oposici\u00f3n: puede oponerse al tratamiento de sus datos personales por parte de MARIANO ANGLERILL GIN\u00c9, siempre que exista un motivo leg\u00edtimo y fundamentado para hacerlo.<\/li>\n<\/ul>\n<p>El usuario garantiza que los datos proporcionados son verdaderos, exactos, completos y actualizados, y es responsable de cualquier da\u00f1o o perjuicio, directo o indirecto, que pudiera ocasionarse como consecuencia del incumplimiento de esta obligaci\u00f3n, tanto a MARIANO ANGLERILL GIN\u00c9 como a terceros.<\/p>\n<h2>Consentimiento para el cumplimiento de la LSSI-CE<\/h2>\n<p>En cumplimiento de la Ley 34\/2002, de 11 de julio, de servicios de la sociedad de la informaci\u00f3n y de comercio electr\u00f3nico (LSSI-CE), MARIANO ANGLERILL GIN\u00c9 solicitar\u00e1 al usuario su consentimiento expreso (y este, si as\u00ed lo desea, lo prestar\u00e1) para poder hacer uso de sus datos con la finalidad de enviarle informaci\u00f3n sobre el sitio web y diferentes ofertas y promociones relacionadas.<\/p>\n<p>Dentro de cada comunicaci\u00f3n comercial de MARIANO ANGLERILL GIN\u00c9 se facilitar\u00e1 al usuario un enlace que le permitir\u00e1 revocar en cualquier momento su consentimiento a recibirlas.<\/p>\n<p>Con el objetivo de garantizar la seguridad y confidencialidad de los datos personales del usuario, MARIANO ANGLERILL GIN\u00c9 ha adoptado los niveles de seguridad requeridos por la normativa en protecci\u00f3n de datos personales y ha instalado los medios t\u00e9cnicos a su alcance para evitar la p\u00e9rdida, mal uso, alteraci\u00f3n, acceso no autorizado y robo de los datos personales facilitados.[\/vc_column_text][\/vc_column][\/vc_row]<\/p>","protected":false},"excerpt":{"rendered":"<p>[vc_row][vc_column][vc_custom_heading text=&#8221;Pol\u00edtica de privacidad&#8221; font_container=&#8221;tag:h2|font_size:35|text_align:left&#8221;][\/vc_column][\/vc_row][vc_row][vc_column][vc_column_text css=&#8221;.vc_custom_1770370340114{padding-top: 25px !important;}&#8221;]<br \/>\nIntroducci\u00f3n<br \/>\nA continuaci\u00f3n le informamos de la pol\u00edtica de privacidad de MARIANO ANGLERILL GIN\u00c9, de acuerdo con la normativa del Reglamento (UE) 2016\/679 del Parlamento Europeo y del Consejo, de 27 de abril de 2016, relativo a la protecci\u00f3n de las personas f\u00edsicas en lo que respecta al tratamiento de datos personales y a la libre circulaci\u00f3n de estos datos, y por el que se deroga la Directiva 95\/46\/CE (Reglamento General de &#8230;<\/p>\n","protected":false},"author":1,"featured_media":0,"parent":0,"menu_order":0,"comment_status":"closed","ping_status":"closed","template":"","meta":{"ngg_post_thumbnail":0},"yoast_head":"<!-- This site is optimized with the Yoast SEO plugin v15.7 - https:\/\/yoast.com\/wordpress\/plugins\/seo\/ -->\n<meta name=\"robots\" content=\"index, follow, max-snippet:-1, max-image-preview:large, max-video-preview:-1\" \/>\n<link rel=\"canonical\" href=\"https:\/\/www.casabaluard.com\/politica-de-privacitat\/\" \/>\n<meta property=\"og:locale\" content=\"es_ES\" \/>\n<meta property=\"og:type\" content=\"article\" \/>\n<meta property=\"og:title\" content=\"Pol\u00edtica de privacidad - Casa Rural - Casa Baluard\" \/>\n<meta property=\"og:description\" content=\"[vc_row][vc_column][vc_custom_heading text=&#8221;Pol\u00edtica de privacidad&#8221; font_container=&#8221;tag:h2|font_size:35|text_align:left&#8221;][\/vc_column][\/vc_row][vc_row][vc_column][vc_column_text css=&#8221;.vc_custom_1770370340114{padding-top: 25px !important;}&#8221;] Introducci\u00f3n A continuaci\u00f3n le informamos de la pol\u00edtica de privacidad de MARIANO ANGLERILL GIN\u00c9, de acuerdo con la normativa del Reglamento (UE) 2016\/679 del Parlamento Europeo y del Consejo, de 27 de abril de 2016, relativo a la protecci\u00f3n de las personas f\u00edsicas en lo que respecta al tratamiento de datos personales y a la libre circulaci\u00f3n de estos datos, y por el que se deroga la Directiva 95\/46\/CE (Reglamento General de ...\" \/>\n<meta property=\"og:url\" content=\"https:\/\/www.casabaluard.com\/politica-de-privacitat\/\" \/>\n<meta property=\"og:site_name\" content=\"Casa Rural - Casa Baluard\" \/>\n<meta property=\"article:modified_time\" content=\"2026-02-06T09:33:07+00:00\" \/>\n<meta name=\"twitter:card\" content=\"summary\" \/>\n<meta name=\"twitter:label1\" content=\"Tiempo de lectura\">\n\t<meta name=\"twitter:data1\" content=\"6 minutos\">\n<script type=\"application\/ld+json\" class=\"yoast-schema-graph\">{\"@context\":\"https:\/\/schema.org\",\"@graph\":[{\"@type\":\"WebSite\",\"@id\":\"https:\/\/www.casabaluard.com\/en\/#website\",\"url\":\"https:\/\/www.casabaluard.com\/en\/\",\"name\":\"Casa Rural - Casa Baluard\",\"description\":\"Casa de Turisme Rural al Bergued\\u00e0\",\"potentialAction\":[{\"@type\":\"SearchAction\",\"target\":\"https:\/\/www.casabaluard.com\/en\/?s={search_term_string}\",\"query-input\":\"required name=search_term_string\"}],\"inLanguage\":\"es\"},{\"@type\":\"WebPage\",\"@id\":\"https:\/\/www.casabaluard.com\/politica-de-privacitat\/#webpage\",\"url\":\"https:\/\/www.casabaluard.com\/politica-de-privacitat\/\",\"name\":\"Pol\\u00edtica de privacidad - Casa Rural - Casa Baluard\",\"isPartOf\":{\"@id\":\"https:\/\/www.casabaluard.com\/en\/#website\"},\"datePublished\":\"2026-02-06T08:38:10+00:00\",\"dateModified\":\"2026-02-06T09:33:07+00:00\",\"inLanguage\":\"es\",\"potentialAction\":[{\"@type\":\"ReadAction\",\"target\":[\"https:\/\/www.casabaluard.com\/politica-de-privacitat\/\"]}]}]}<\/script>\n<!-- \/ Yoast SEO plugin. -->","_links":{"self":[{"href":"https:\/\/www.casabaluard.com\/es\/wp-json\/wp\/v2\/pages\/1400"}],"collection":[{"href":"https:\/\/www.casabaluard.com\/es\/wp-json\/wp\/v2\/pages"}],"about":[{"href":"https:\/\/www.casabaluard.com\/es\/wp-json\/wp\/v2\/types\/page"}],"author":[{"embeddable":true,"href":"https:\/\/www.casabaluard.com\/es\/wp-json\/wp\/v2\/users\/1"}],"replies":[{"embeddable":true,"href":"https:\/\/www.casabaluard.com\/es\/wp-json\/wp\/v2\/comments?post=1400"}],"version-history":[{"count":4,"href":"https:\/\/www.casabaluard.com\/es\/wp-json\/wp\/v2\/pages\/1400\/revisions"}],"predecessor-version":[{"id":1416,"href":"https:\/\/www.casabaluard.com\/es\/wp-json\/wp\/v2\/pages\/1400\/revisions\/1416"}],"wp:attachment":[{"href":"https:\/\/www.casabaluard.com\/es\/wp-json\/wp\/v2\/media?parent=1400"}],"curies":[{"name":"wp","href":"https:\/\/api.w.org\/{rel}","templated":true}]}}