{"id":1397,"date":"2026-02-06T10:30:55","date_gmt":"2026-02-06T08:30:55","guid":{"rendered":"https:\/\/www.casabaluard.com\/?page_id=1397"},"modified":"2026-02-06T11:28:00","modified_gmt":"2026-02-06T09:28:00","slug":"politica-de-cookies","status":"publish","type":"page","link":"https:\/\/www.casabaluard.com\/es\/politica-de-cookies\/","title":{"rendered":"Pol\u00edtica de cookies"},"content":{"rendered":"<p>[vc_row][vc_column][vc_custom_heading text=&#8221;Pol\u00edtica de cookies&#8221; font_container=&#8221;tag:h2|font_size:35|text_align:left&#8221;][\/vc_column][\/vc_row][vc_row][vc_column][vc_column_text css=&#8221;.vc_custom_1770369914461{padding-top: 25px !important;}&#8221;]<\/p>\n<h2>\u00bfQu\u00e9 es una cookie?<\/h2>\n<p>Una cookie es un archivo que se descarga en su ordenador al acceder el Usuario a determinadas p\u00e1ginas web. Las cookies permiten a una p\u00e1gina web, entre otras cosas, almacenar y recuperar informaci\u00f3n sobre los h\u00e1bitos de navegaci\u00f3n de un usuario o de su equipo y, dependiendo de la informaci\u00f3n que contengan y de la manera en que utilice su equipo, se pueden utilizar para reconocer al usuario.<\/p>\n<h2>\u00bfQu\u00e9 tipos de cookies existen?<\/h2>\n<p>Existen diversos tipos de cookies en funci\u00f3n de diferentes criterios:<\/p>\n<p><strong>En funci\u00f3n del tiempo que permanecen activadas:<\/strong><\/p>\n<p><strong>Cookies de sesi\u00f3n<\/strong>: Son un tipo de cookies dise\u00f1adas para solicitar y almacenar datos mientras el usuario accede a una p\u00e1gina web.<br \/>\n<strong>Cookies permanentes<\/strong>: Son un tipo de cookies en las que los datos siguen almacenados en el terminal y pueden ser accedidos y tratados durante un per\u00edodo definido por el responsable de la cookie.<\/p>\n<p><strong>En funci\u00f3n de la titularidad:<\/strong><\/p>\n<p><strong>Cookies propias<\/strong>: Son las que pertenecen a MARIANO ANGLERILL GIN\u00c9.<br \/>\n<strong>Cookies de terceros<\/strong>: Son aquellas cuya titularidad es de un tercero, distinto de MARIANO ANGLERILL GIN\u00c9, que ser\u00e1 quien trate la informaci\u00f3n recogida.<\/p>\n<p><strong>En funci\u00f3n de la finalidad:<\/strong><\/p>\n<p><strong>Cookies t\u00e9cnicas y\/o de personalizaci\u00f3n<\/strong>: Son las que sirven para mejorar el servicio, localizar incidencias, reconocer al usuario, etc.<br \/>\n<strong>Cookies de an\u00e1lisis y\/o de publicidad<\/strong>: Son aquellas que sirven para analizar informaci\u00f3n sobre la navegaci\u00f3n y ofrecer publicidad, ya sea gen\u00e9rica o personalizada.<\/p>\n<h2>\u00bfQu\u00e9 tipos de cookies son m\u00e1s habituales?<\/h2>\n<p><strong>T\u00c9CNICAS<\/strong>: Son cookies PROPIAS, de sesi\u00f3n, de identificaci\u00f3n, de configuraci\u00f3n y de registro, estrictamente necesarias para la identificaci\u00f3n del usuario y para la prestaci\u00f3n de los servicios solicitados por el usuario. La informaci\u00f3n obtenida a trav\u00e9s de las mismas es tratada \u00fanicamente por MARIANO ANGLERILL GIN\u00c9.<\/p>\n<p><strong>DE AN\u00c1LISIS<\/strong>: Son aquellas que, bien tratadas por nosotros o por terceros, nos permiten cuantificar el n\u00famero de usuarios y as\u00ed realizar la medici\u00f3n y el an\u00e1lisis estad\u00edstico de la utilizaci\u00f3n que hacen los usuarios del servicio ofrecido. Para ello se analiza su navegaci\u00f3n en nuestra p\u00e1gina web con el fin de mejorar la oferta de productos o servicios que le ofrecemos.<\/p>\n<p><strong>DE PUBLICIDAD<\/strong>: Son aquellas que, bien tratadas por nosotros o por terceros, permiten la gesti\u00f3n, de la manera m\u00e1s eficaz posible, de los espacios publicitarios que se pudieran incluir en nuestra p\u00e1gina web y\/o almacenan informaci\u00f3n del comportamiento de los usuarios obtenida a trav\u00e9s de la observaci\u00f3n continuada. Gracias a ellas, podemos conocer los h\u00e1bitos de navegaci\u00f3n en internet y mostrar publicidad relacionada con su perfil de navegaci\u00f3n.<\/p>\n<h2>\u00bfPara qu\u00e9 sirve una cookie?<\/h2>\n<p>Las cookies se utilizan para poder ofrecer servicios y\/o publicidad personalizados, para analizar el funcionamiento del sistema, reconocerle cuando accede como usuario, localizar incidencias y problemas que puedan surgir y resolverlos en el menor plazo posible, as\u00ed como analizar y medir el uso y la actividad de la p\u00e1gina web.<\/p>\n<h2>\u00bfEs necesario mi consentimiento para instalar una cookie?<\/h2>\n<p>No es necesario el consentimiento para la instalaci\u00f3n de cookies t\u00e9cnicas o aquellas que sean estrictamente necesarias para la prestaci\u00f3n de un servicio de la sociedad de la informaci\u00f3n expresamente solicitado por el destinatario.<\/p>\n<p>Para el resto, s\u00ed es necesario el consentimiento del interesado, que se puede solicitar por diferentes v\u00edas. En el caso de MARIANO ANGLERILL GIN\u00c9, se entender\u00e1 otorgado si usted sigue utilizando la p\u00e1gina web, sin perjuicio de que en cualquier momento podr\u00e1 revocarlo y desactivar las cookies.<\/p>\n<h2>\u00bfQu\u00e9 tipos de cookies utiliza esta p\u00e1gina web?<\/h2>\n<p>Cookies t\u00e9cnicas: Son aquellas creadas y gestionadas \u00fanicamente por nosotros, y permiten al usuario la navegaci\u00f3n a trav\u00e9s de nuestra p\u00e1gina web y la utilizaci\u00f3n de las diferentes opciones como, por ejemplo, identificar la sesi\u00f3n, personalizar informaci\u00f3n o acceder a zonas de acceso restringido.<\/p>\n<p>El sitio web de MARIANO ANGLERILL GIN\u00c9 utiliza (o puede utilizar) Google Analytics, una herramienta de anal\u00edtica web desarrollada por Google, que ayuda a los propietarios de sitios web a medir c\u00f3mo interact\u00faan los usuarios con el contenido del sitio. Para la prestaci\u00f3n de estos servicios, Google Analytics utiliza cookies que recopilan la informaci\u00f3n, incluida la direcci\u00f3n IP del usuario, que ser\u00e1 transmitida, tratada y almacenada por Google en los t\u00e9rminos fijados en el sitio web Google.com.<\/p>\n<p>Para m\u00e1s informaci\u00f3n, consulte: <a href=\"https:\/\/developers.google.com\/analytics\/devguides\/collection\/analyticsjs\/cookie-usage\" target=\"_blank\" rel=\"noopener\">https:\/\/developers.google.com\/analytics\/devguides\/collection\/analyticsjs\/cookie-usage<br \/>\n<\/a><\/p>\n<h2>\u00bfC\u00f3mo desactivar cookies?<\/h2>\n<p>Puede permitir, bloquear o eliminar las cookies instaladas en su equipo mediante la configuraci\u00f3n de las opciones del navegador instalado en su ordenador.<\/p>\n<ul class=\"accssme-widget-content\">\n<li class=\"accssme-widget-content\"><a class=\"accssme-widget-links accssme-widget-text\" href=\"https:\/\/support.mozilla.org\/es\/kb\/habilitar-y-deshabilitar-cookies-sitios-web-rastrear-preferencias?redirectlocale=es&amp;redirectslug=habilitar-y-deshabilitar-cookies-que-los-sitios-web\">Firefox<\/a><\/li>\n<li class=\"accssme-widget-content\"><a class=\"accssme-widget-links accssme-widget-text\" href=\"https:\/\/support.google.com\/chrome\/answer\/95647?hl=es\">Chrome<\/a><\/li>\n<li class=\"accssme-widget-content\"><a class=\"accssme-widget-links accssme-widget-text\" href=\"https:\/\/support.microsoft.com\/es-es\/windows\">Internet Explorer<\/a><\/li>\n<li class=\"accssme-widget-content\"><a class=\"accssme-widget-links accssme-widget-text\" href=\"https:\/\/support.apple.com\/es-es\/guide\/safari\/sfri11471\/mac\">Safari<\/a><\/li>\n<li class=\"accssme-widget-content\"><a class=\"accssme-widget-links accssme-widget-text\" href=\"https:\/\/support.apple.com\/es-es\/HT201265\">Safari para iOS<\/a><\/li>\n<li class=\"accssme-widget-content\"><a class=\"accssme-widget-links accssme-widget-text\" href=\"https:\/\/help.opera.com\/en\/latest\/web-preferences\/#cookies\">Opera<\/a><\/li>\n<\/ul>\n<p>[\/vc_column_text][\/vc_column][\/vc_row]<\/p>","protected":false},"excerpt":{"rendered":"<p>[vc_row][vc_column][vc_custom_heading text=&#8221;Pol\u00edtica de cookies&#8221; font_container=&#8221;tag:h2|font_size:35|text_align:left&#8221;][\/vc_column][\/vc_row][vc_row][vc_column][vc_column_text css=&#8221;.vc_custom_1770369914461{padding-top: 25px !important;}&#8221;]<br \/>\n\u00bfQu\u00e9 es una cookie?<br \/>\nUna cookie es un archivo que se descarga en su ordenador al acceder el Usuario a determinadas p\u00e1ginas web. Las cookies permiten a una p\u00e1gina web, entre otras cosas, almacenar y recuperar informaci\u00f3n sobre los h\u00e1bitos de navegaci\u00f3n de un usuario o de su equipo y, dependiendo de la informaci\u00f3n que contengan y de la manera en que utilice su equipo, se pueden utilizar para reconocer al usuario.<br ...\n<\/p>\n","protected":false},"author":1,"featured_media":0,"parent":0,"menu_order":0,"comment_status":"closed","ping_status":"closed","template":"","meta":{"ngg_post_thumbnail":0},"yoast_head":"<!-- This site is optimized with the Yoast SEO plugin v15.7 - https:\/\/yoast.com\/wordpress\/plugins\/seo\/ -->\n<meta name=\"robots\" content=\"index, follow, max-snippet:-1, max-image-preview:large, max-video-preview:-1\" \/>\n<link rel=\"canonical\" href=\"https:\/\/www.casabaluard.com\/politica-de-cookies\/\" \/>\n<meta property=\"og:locale\" content=\"es_ES\" \/>\n<meta property=\"og:type\" content=\"article\" \/>\n<meta property=\"og:title\" content=\"Pol\u00edtica de cookies - Casa Rural - Casa Baluard\" \/>\n<meta property=\"og:description\" content=\"[vc_row][vc_column][vc_custom_heading text=&#8221;Pol\u00edtica de cookies&#8221; font_container=&#8221;tag:h2|font_size:35|text_align:left&#8221;][\/vc_column][\/vc_row][vc_row][vc_column][vc_column_text css=&#8221;.vc_custom_1770369914461{padding-top: 25px !important;}&#8221;] \u00bfQu\u00e9 es una cookie? Una cookie es un archivo que se descarga en su ordenador al acceder el Usuario a determinadas p\u00e1ginas web. Las cookies permiten a una p\u00e1gina web, entre otras cosas, almacenar y recuperar informaci\u00f3n sobre los h\u00e1bitos de navegaci\u00f3n de un usuario o de su equipo y, dependiendo de la informaci\u00f3n que contengan y de la manera en que utilice su equipo, se pueden utilizar para reconocer al usuario.\" \/>\n<meta property=\"og:url\" content=\"https:\/\/www.casabaluard.com\/politica-de-cookies\/\" \/>\n<meta property=\"og:site_name\" content=\"Casa Rural - Casa Baluard\" \/>\n<meta property=\"article:modified_time\" content=\"2026-02-06T09:28:00+00:00\" \/>\n<meta name=\"twitter:card\" content=\"summary\" \/>\n<meta name=\"twitter:label1\" content=\"Tiempo de lectura\">\n\t<meta name=\"twitter:data1\" content=\"4 minutos\">\n<script type=\"application\/ld+json\" class=\"yoast-schema-graph\">{\"@context\":\"https:\/\/schema.org\",\"@graph\":[{\"@type\":\"WebSite\",\"@id\":\"https:\/\/www.casabaluard.com\/en\/#website\",\"url\":\"https:\/\/www.casabaluard.com\/en\/\",\"name\":\"Casa Rural - Casa Baluard\",\"description\":\"Casa de Turisme Rural al Bergued\\u00e0\",\"potentialAction\":[{\"@type\":\"SearchAction\",\"target\":\"https:\/\/www.casabaluard.com\/en\/?s={search_term_string}\",\"query-input\":\"required name=search_term_string\"}],\"inLanguage\":\"es\"},{\"@type\":\"WebPage\",\"@id\":\"https:\/\/www.casabaluard.com\/politica-de-cookies\/#webpage\",\"url\":\"https:\/\/www.casabaluard.com\/politica-de-cookies\/\",\"name\":\"Pol\\u00edtica de cookies - Casa Rural - Casa Baluard\",\"isPartOf\":{\"@id\":\"https:\/\/www.casabaluard.com\/en\/#website\"},\"datePublished\":\"2026-02-06T08:30:55+00:00\",\"dateModified\":\"2026-02-06T09:28:00+00:00\",\"inLanguage\":\"es\",\"potentialAction\":[{\"@type\":\"ReadAction\",\"target\":[\"https:\/\/www.casabaluard.com\/politica-de-cookies\/\"]}]}]}<\/script>\n<!-- \/ Yoast SEO plugin. -->","_links":{"self":[{"href":"https:\/\/www.casabaluard.com\/es\/wp-json\/wp\/v2\/pages\/1397"}],"collection":[{"href":"https:\/\/www.casabaluard.com\/es\/wp-json\/wp\/v2\/pages"}],"about":[{"href":"https:\/\/www.casabaluard.com\/es\/wp-json\/wp\/v2\/types\/page"}],"author":[{"embeddable":true,"href":"https:\/\/www.casabaluard.com\/es\/wp-json\/wp\/v2\/users\/1"}],"replies":[{"embeddable":true,"href":"https:\/\/www.casabaluard.com\/es\/wp-json\/wp\/v2\/comments?post=1397"}],"version-history":[{"count":4,"href":"https:\/\/www.casabaluard.com\/es\/wp-json\/wp\/v2\/pages\/1397\/revisions"}],"predecessor-version":[{"id":1414,"href":"https:\/\/www.casabaluard.com\/es\/wp-json\/wp\/v2\/pages\/1397\/revisions\/1414"}],"wp:attachment":[{"href":"https:\/\/www.casabaluard.com\/es\/wp-json\/wp\/v2\/media?parent=1397"}],"curies":[{"name":"wp","href":"https:\/\/api.w.org\/{rel}","templated":true}]}}