{"id":1394,"date":"2026-02-06T10:26:16","date_gmt":"2026-02-06T08:26:16","guid":{"rendered":"https:\/\/www.casabaluard.com\/?page_id=1394"},"modified":"2026-02-06T11:22:16","modified_gmt":"2026-02-06T09:22:16","slug":"declaracio-daccessibilitat","status":"publish","type":"page","link":"https:\/\/www.casabaluard.com\/es\/declaracio-daccessibilitat\/","title":{"rendered":"Declaraci\u00f3n de accesibilidad"},"content":{"rendered":"<p>[vc_row][vc_column][vc_custom_heading text=&#8221;Declaraci\u00f3n de accesibilidad&#8221; font_container=&#8221;tag:h2|font_size:35|text_align:left&#8221;][\/vc_column][\/vc_row][vc_row][vc_column][vc_column_text css=&#8221;.vc_custom_1770369580569{padding-top: 25px !important;}&#8221;]<\/p>\n<h2>Introducci\u00f3n<\/h2>\n<p>La entidad MARIANO ANGLERILL GIN\u00c9 se ha comprometido a hacer accesible su sitio web de conformidad con el Real Decreto 1112\/2018, de 7 de septiembre, sobre accesibilidad de los sitios web y aplicaciones para dispositivos m\u00f3viles del sector p\u00fablico.<\/p>\n<p>Esta declaraci\u00f3n de accesibilidad se aplica al sitio web <a href=\"https:\/\/www.casabaluard.com\" target=\"_blank\" rel=\"noopener\">www.casabaluard.com<\/a>.<\/p>\n<h2>Situaci\u00f3n de cumplimiento<\/h2>\n<p>Este sitio web es parcialmente conforme con el RD 1112\/2018 debido a las excepciones y a la falta de conformidad de los aspectos que se indican a continuaci\u00f3n.<\/p>\n<h2>Contenido no accesible<\/h2>\n<p>El contenido que se recoge a continuaci\u00f3n no es accesible por lo siguiente:<\/p>\n<p><strong>1. Falta de conformidad con el RD 1112\/2018:<\/strong><\/p>\n<ul>\n<li>Existen logotipos e im\u00e1genes con texto alternativo incorrecto o confuso e im\u00e1genes complejas sin descripci\u00f3n textual [requisito n\u00famero 9.1.1.1 Contenido no textual, de UNE-EN 301549:2022].<\/li>\n<li>Existen listas creadas de forma incorrecta (sin etiqueta de lista), tablas con celdas etiquetadas incorrectamente y etiquetas invisibles en elementos de formularios [requisito n\u00famero 9.1.3.1 Informaci\u00f3n y relaciones, de UNE-EN 301549:2022].<\/li>\n<li>Existen tablas no adaptadas a tama\u00f1os de pantalla peque\u00f1os y campos de formulario que no se visualizan correctamente en tama\u00f1os de pantalla peque\u00f1os [requisito n\u00famero 9.1.4.10 Reajuste de texto, de UNE-EN 301549:2022].<\/li>\n<li>Existe texto que, al cambiar los espacios y alturas de l\u00ednea, no se visualiza correctamente [requisito n\u00famero 9.1.4.12 Espaciado de texto, de UNE-EN 301549:2022].<\/li>\n<li>Existen elementos que no son accesibles por teclado, como por ejemplo enlaces a redes sociales, el editor de textos para comentarios, elementos para ordenar resultados de b\u00fasqueda, la paginaci\u00f3n de los resultados de b\u00fasqueda o las flechas del calendario [requisito n\u00famero 9.2.1.1 Teclado, de UNE-EN 301549:2022].<\/li>\n<li>Existen elementos que no reciben el foco y, por lo tanto, no se puede interactuar con ellos mediante el teclado, por ejemplo [requisito n\u00famero 9.2.4.3 Orden del foco, de UNE-EN 301549:2022].<\/li>\n<li>Existen enlaces en los que no se identifica correctamente su funci\u00f3n (tienen una descripci\u00f3n inadecuada, un texto demasiado gen\u00e9rico, un title inadecuado\u2026). [requisito n\u00famero 9.2.4.4 Prop\u00f3sito de los enlaces, de UNE-EN 301549:2022].<\/li>\n<li>Existen encabezados con texto repetido y\/o poco descriptivo [requisito n\u00famero 9.2.4.6 Encabezados y etiquetas, de UNE-EN 301549:2022].<\/li>\n<li>Existen im\u00e1genes, infograf\u00edas, textos de enlaces o botones, texto de titulares y contenido que no est\u00e1n traducidos a otros idiomas [requisito n\u00famero 9.3.1.2 Idioma de las partes, de UNE-EN 301549:2022].<\/li>\n<li>En alguna p\u00e1gina se est\u00e1 usando el mismo icono para diferentes prop\u00f3sitos, lo que genera confusi\u00f3n [requisito n\u00famero 9.3.2.4 Identificaci\u00f3n coherente, de UNE-EN 301549:2022].<\/li>\n<li>Existen mensajes de error poco descriptivos, o mensajes de error que no est\u00e1n agrupados en un \u00fanico mensaje, as\u00ed como falta de sugerencias en formularios para rellenar los campos correctamente [requisito n\u00famero 9.3.3.1 Identificaci\u00f3n de errores, de UNE-EN 301549:2022].<\/li>\n<li>Existen formularios con campos obligatorios en los que no se informa al usuario, as\u00ed como campos en los que falta un ejemplo textual del formato del campo (como por ejemplo el DNI) [requisito n\u00famero 9.3.3.2 Etiquetas e instrucciones, de UNE-EN 301549:2022].<\/li>\n<li>Existen campos de formularios en los que se informa del error cuando se introduce un valor incorrecto, pero no se informa de una sugerencia para la correcci\u00f3n [requisito n\u00famero 9.3.3.3 Sugerencias ante errores, de UNE-EN 301549:2022].<\/li>\n<li>Existen p\u00e1ginas con errores de sintaxis y, por lo tanto, alg\u00fan producto de apoyo puede no interpretar correctamente el contenido (IDs de p\u00e1gina duplicados, etiquetas sin cerrar, construcci\u00f3n incorrecta de etiquetas\u2026). [requisito n\u00famero 9.4.1.1 Procesamiento, de UNE-EN 301549:2022].<\/li>\n<li>Existen p\u00e1ginas en las que los productos de apoyo no podr\u00e1n obtener informaci\u00f3n, interactuar y estar al corriente del estado de los controles de la interfaz de usuario, como por ejemplo mensajes de ayuda, mensajes de estado de resultado de acciones, atributos de enlaces, imagen de idioma de p\u00e1gina\u2026 que no podr\u00e1n ser le\u00eddos por lectores de pantalla en el momento en que aparecen [requisito n\u00famero 9.4.1.2 Nombre, funci\u00f3n, valor de UNE-EN 301549:2022].<\/li>\n<li>Podr\u00edan existir errores puntuales de edici\u00f3n en alguna p\u00e1gina web.<\/li>\n<\/ul>\n<p><strong>2. Carga desproporcionada.<\/strong><\/p>\n<ul>\n<li>No se aplica.<\/li>\n<\/ul>\n<p><strong>3. El contenido no entra dentro del \u00e1mbito de la legislaci\u00f3n aplicable.<\/strong><\/p>\n<ul>\n<li>Podr\u00edan existir archivos ofim\u00e1ticos en PDF u otros formatos publicados antes del 20 de septiembre de 2018 que no cumplan \u00edntegramente todos los requisitos de accesibilidad. Aun as\u00ed, se ha procurado que la mayor\u00eda s\u00ed los cumplan.<\/li>\n<\/ul>\n<h2>Preparaci\u00f3n de esta declaraci\u00f3n de accesibilidad<\/h2>\n<ul>\n<li>Esta declaraci\u00f3n fue preparada el <strong>02\/02\/2026<\/strong>.<\/li>\n<li>El m\u00e9todo empleado para preparar la declaraci\u00f3n ha sido una autoevaluaci\u00f3n llevada a cabo por la propia entidad.<\/li>\n<li>\u00daltima revisi\u00f3n de la declaraci\u00f3n: <strong>02\/02\/2026<\/strong>.<\/li>\n<\/ul>\n<h2>Observaciones y datos de contacto<\/h2>\n<p>Puede realizar comunicaciones sobre requisitos de accesibilidad (art\u00edculo 10.2.a) del RD 1112\/2018) como por ejemplo:<\/p>\n<ul>\n<li>Informar sobre cualquier posible incumplimiento por parte de este sitio web.<\/li>\n<li>Transmitir otras dificultades de acceso al contenido.<\/li>\n<li>Formular cualquier otra consulta o sugerencia de mejora relativa a la accesibilidad del sitio web.<\/li>\n<\/ul>\n<p><strong>A trav\u00e9s del formulario de contacto puede presentar:<\/strong><\/p>\n<ul>\n<li>Una queja relativa al cumplimiento de los requisitos del RD 1112\/2018.<\/li>\n<li>Una solicitud de informaci\u00f3n accesible relativa a:\n<ul>\n<li>Contenidos que est\u00e1n excluidos del \u00e1mbito de aplicaci\u00f3n del RD 1112\/2018 seg\u00fan lo que establece el art\u00edculo 3, apartado 4.<\/li>\n<li>Contenidos que est\u00e1n exentos del cumplimiento de los requisitos de accesibilidad por imponer una carga desproporcionada.<\/li>\n<\/ul>\n<\/li>\n<\/ul>\n<p>En la Solicitud de informaci\u00f3n accesible, es necesario concretar, con toda claridad, los hechos, las razones y la petici\u00f3n que permitan constatar que se trata de una solicitud razonable y leg\u00edtima.<\/p>\n<h2>Contenido opcional<\/h2>\n<p>Este sitio web aplica los requisitos de la Norma UNE-EN 301549:2022 considerando las excepciones del RD 1112\/2018.<\/p>\n<p>La \u00faltima revisi\u00f3n de la accesibilidad se ha realizado el <strong>02\/02\/2026<\/strong>.<\/p>\n<p>El sitio web est\u00e1 optimizado para los navegadores Microsoft Internet Explorer 8.0 o versiones superiores y las \u00faltimas versiones vigentes de FireFox, Safari, Opera y Google Chrome. La resoluci\u00f3n web m\u00ednima recomendada es de 1280\u00d71024.<\/p>\n<p>El sitio web est\u00e1 dise\u00f1ado para su visualizaci\u00f3n Responsive, de manera que se visualiza de forma \u00f3ptima en los dispositivos tablet y m\u00f3viles. En estos dispositivos est\u00e1 optimizado para visualizarlo en las \u00faltimas versiones vigentes de Chrome for mobile, Firefox for mobile, Safari mobile, Opera Mini y navegador nativo de Android.[\/vc_column_text][\/vc_column][\/vc_row]<\/p>","protected":false},"excerpt":{"rendered":"<p>[vc_row][vc_column][vc_custom_heading text=&#8221;Declaraci\u00f3n de accesibilidad&#8221; font_container=&#8221;tag:h2|font_size:35|text_align:left&#8221;][\/vc_column][\/vc_row][vc_row][vc_column][vc_column_text css=&#8221;.vc_custom_1770369580569{padding-top: 25px !important;}&#8221;]<br \/>\nIntroducci\u00f3n<br \/>\nLa entidad MARIANO ANGLERILL GIN\u00c9 se ha comprometido a hacer accesible su sitio web de conformidad con el Real Decreto 1112\/2018, de 7 de septiembre, sobre accesibilidad de los sitios web y aplicaciones para dispositivos m\u00f3viles del sector p\u00fablico.<br \/>\nEsta declaraci\u00f3n de accesibilidad se aplica al sitio web www.casabaluard.com.<br \/>\nSituaci\u00f3n de cumplimiento<br \/>\nEste sitio web es parcialmente conforme con el RD 1112\/2018 debido a las excepciones y a la falta de &#8230;<\/p>\n","protected":false},"author":1,"featured_media":0,"parent":0,"menu_order":0,"comment_status":"closed","ping_status":"closed","template":"","meta":{"ngg_post_thumbnail":0},"yoast_head":"<!-- This site is optimized with the Yoast SEO plugin v15.7 - https:\/\/yoast.com\/wordpress\/plugins\/seo\/ -->\n<meta name=\"robots\" content=\"index, follow, max-snippet:-1, max-image-preview:large, max-video-preview:-1\" \/>\n<link rel=\"canonical\" href=\"https:\/\/www.casabaluard.com\/declaracio-daccessibilitat\/\" \/>\n<meta property=\"og:locale\" content=\"es_ES\" \/>\n<meta property=\"og:type\" content=\"article\" \/>\n<meta property=\"og:title\" content=\"Declaraci\u00f3n de accesibilidad - Casa Rural - Casa Baluard\" \/>\n<meta property=\"og:description\" content=\"[vc_row][vc_column][vc_custom_heading text=&#8221;Declaraci\u00f3n de accesibilidad&#8221; font_container=&#8221;tag:h2|font_size:35|text_align:left&#8221;][\/vc_column][\/vc_row][vc_row][vc_column][vc_column_text css=&#8221;.vc_custom_1770369580569{padding-top: 25px !important;}&#8221;] Introducci\u00f3n La entidad MARIANO ANGLERILL GIN\u00c9 se ha comprometido a hacer accesible su sitio web de conformidad con el Real Decreto 1112\/2018, de 7 de septiembre, sobre accesibilidad de los sitios web y aplicaciones para dispositivos m\u00f3viles del sector p\u00fablico. Esta declaraci\u00f3n de accesibilidad se aplica al sitio web www.casabaluard.com. Situaci\u00f3n de cumplimiento Este sitio web es parcialmente conforme con el RD 1112\/2018 debido a las excepciones y a la falta de ...\" \/>\n<meta property=\"og:url\" content=\"https:\/\/www.casabaluard.com\/declaracio-daccessibilitat\/\" \/>\n<meta property=\"og:site_name\" content=\"Casa Rural - Casa Baluard\" \/>\n<meta property=\"article:modified_time\" content=\"2026-02-06T09:22:16+00:00\" \/>\n<meta name=\"twitter:card\" content=\"summary\" \/>\n<meta name=\"twitter:label1\" content=\"Tiempo de lectura\">\n\t<meta name=\"twitter:data1\" content=\"4 minutos\">\n<script type=\"application\/ld+json\" class=\"yoast-schema-graph\">{\"@context\":\"https:\/\/schema.org\",\"@graph\":[{\"@type\":\"WebSite\",\"@id\":\"https:\/\/www.casabaluard.com\/en\/#website\",\"url\":\"https:\/\/www.casabaluard.com\/en\/\",\"name\":\"Casa Rural - Casa Baluard\",\"description\":\"Casa de Turisme Rural al Bergued\\u00e0\",\"potentialAction\":[{\"@type\":\"SearchAction\",\"target\":\"https:\/\/www.casabaluard.com\/en\/?s={search_term_string}\",\"query-input\":\"required name=search_term_string\"}],\"inLanguage\":\"es\"},{\"@type\":\"WebPage\",\"@id\":\"https:\/\/www.casabaluard.com\/declaracio-daccessibilitat\/#webpage\",\"url\":\"https:\/\/www.casabaluard.com\/declaracio-daccessibilitat\/\",\"name\":\"Declaraci\\u00f3n de accesibilidad - Casa Rural - Casa Baluard\",\"isPartOf\":{\"@id\":\"https:\/\/www.casabaluard.com\/en\/#website\"},\"datePublished\":\"2026-02-06T08:26:16+00:00\",\"dateModified\":\"2026-02-06T09:22:16+00:00\",\"inLanguage\":\"es\",\"potentialAction\":[{\"@type\":\"ReadAction\",\"target\":[\"https:\/\/www.casabaluard.com\/declaracio-daccessibilitat\/\"]}]}]}<\/script>\n<!-- \/ Yoast SEO plugin. -->","_links":{"self":[{"href":"https:\/\/www.casabaluard.com\/es\/wp-json\/wp\/v2\/pages\/1394"}],"collection":[{"href":"https:\/\/www.casabaluard.com\/es\/wp-json\/wp\/v2\/pages"}],"about":[{"href":"https:\/\/www.casabaluard.com\/es\/wp-json\/wp\/v2\/types\/page"}],"author":[{"embeddable":true,"href":"https:\/\/www.casabaluard.com\/es\/wp-json\/wp\/v2\/users\/1"}],"replies":[{"embeddable":true,"href":"https:\/\/www.casabaluard.com\/es\/wp-json\/wp\/v2\/comments?post=1394"}],"version-history":[{"count":7,"href":"https:\/\/www.casabaluard.com\/es\/wp-json\/wp\/v2\/pages\/1394\/revisions"}],"predecessor-version":[{"id":1412,"href":"https:\/\/www.casabaluard.com\/es\/wp-json\/wp\/v2\/pages\/1394\/revisions\/1412"}],"wp:attachment":[{"href":"https:\/\/www.casabaluard.com\/es\/wp-json\/wp\/v2\/media?parent=1394"}],"curies":[{"name":"wp","href":"https:\/\/api.w.org\/{rel}","templated":true}]}}