{"id":1255,"date":"2019-10-23T13:48:36","date_gmt":"2019-10-23T11:48:36","guid":{"rendered":"https:\/\/www.casabaluard.com\/?page_id=1255"},"modified":"2019-11-27T20:01:46","modified_gmt":"2019-11-27T18:01:46","slug":"sustainability","status":"publish","type":"page","link":"https:\/\/www.casabaluard.com\/es\/sustainability\/","title":{"rendered":"Sostenibilidad"},"content":{"rendered":"<p>[vc_row][vc_column width=&#8221;2\/3&#8243;][vc_column_text]<\/p>\n<h2><strong>Sostenibilidad en la casa rural<\/strong><\/h2>\n<h5><\/h5>\n<h5>Sostenibilidad y hacer turismo rural en nuestra casa rural, ubicada en la comarca del Bergued\u00e0, significa llevar a cabo unas acciones que todo el mundo puede aplicar para ser m\u00e1s respetuosos con nuestro entorno:<\/h5>\n<div class=\"accommodation-characteristic-extended\">\n<ul>\n<li style=\"text-align: justify;\">Para el exterior de la casa rural, tenemos\u00a0<strong>luces solar de led con sensor de movimiento<\/strong>, de esta manera cuando se tiene que salir de la casa por la noche, no se tiene que buscar los interruptores y cuando se vuelve a entrar en la casa no hay que pensar en apagar la luz, autom\u00e1ticamente se apaga.<\/li>\n<li style=\"text-align: justify;\">Nuestro municipio de Olvan est\u00e1 adherido a la separaci\u00f3n de basuras que hacemos en nuestro hogar. Por este motivo, en el exterior de la casa, hay un espacio con unos\u00a0<strong>contenedores de recogida selectiva<\/strong>\u00a0para poder separar la basura de forma c\u00f3moda. Tenemos el verde, azul, marr\u00f3n, amarillo y gris. Adem\u00e1s, en la nevera hay un recordatorio que, de forma muy gr\u00e1fica, se puede ver en qu\u00e9 contenedor va cada cosa.<\/li>\n<li style=\"text-align: justify;\">Todas los restos org\u00e1nicos de origen natural son compostables. Las\u00a0<strong>bolsas para los residuos org\u00e1nicos<\/strong>\u00a0son diferentes de las otras. Son bolsas de pl\u00e1stico compostable. De esta manera todo, bolsa y restos de comida, se puede compostar. La materia org\u00e1nica que se obtiene del compostaje se puede utilizar como fertilizante org\u00e1nico.<\/li>\n<li style=\"text-align: justify;\">Solidarizate con el aceite! Es una manera de hacer saber c\u00f3mo se debe reciclar el aceite usado de cocina. En la casa rural hay un frasco de crital para poner el aceite usado, despu\u00e9s nosotros lo pasaremos a una botella de pl\u00e1stico cerrada y lo llevaremos a su correspondiente contenedor. De esta forma podremos mejorar la calidad del agua de nuestros r\u00edos, porque debemos saber que\u00a0<strong>un litro de aceite contamina mil litros de agua<\/strong>.<\/li>\n<li style=\"text-align: justify;\"><strong>La le\u00f1a es una energ\u00eda renovable<\/strong>. Las personas tenemos la capacidad de poder transformarla en una energ\u00eda \u00fatil. En la casa rural encontrar\u00e9is le\u00f1a para la chimenea y la barbacoa, por un lado nos calentamos nosotros y por la otra calentamos y cocinamos nuestros alimentos.<\/li>\n<li style=\"text-align: justify;\">Ofrecemos dos bicicletas para hacer una\u00a0<strong>movilidad m\u00e1s sostenible<\/strong>. De esta forma se disminuye los efectos de la contaminaci\u00f3n y del ruido dando un\u00a0<strong>efecto positivo sobre vuestra salud.<\/strong>\u00a0Y por otro lado ayudar\u00e1 a prevenir los impactos sobre el clima de las emisiones de efecto invernadero.<\/li>\n<\/ul>\n<\/div>\n<h2 style=\"text-align: center;\"><\/h2>\n<h2 style=\"text-align: center;\">\u00a0Sostenibilidad es una manera de trabajar el presente pensando en el futuro.<\/h2>\n<p>[\/vc_column_text][\/vc_column][vc_column width=&#8221;1\/3&#8243;][vc_single_image image=&#8221;344&#8243; img_size=&#8221;full&#8221; alignment=&#8221;center&#8221; css_animation=&#8221;appear&#8221;][vc_single_image image=&#8221;345&#8243; img_size=&#8221;full&#8221; alignment=&#8221;center&#8221; css_animation=&#8221;appear&#8221;][vc_single_image image=&#8221;343&#8243; img_size=&#8221;full&#8221; alignment=&#8221;center&#8221; css_animation=&#8221;appear&#8221;][\/vc_column][\/vc_row]<\/p>","protected":false},"excerpt":{"rendered":"<p>[vc_row][vc_column width=&#8221;2\/3&#8243;][vc_column_text]<br \/>\nSostenibilidad en la casa rural<\/p>\n<p>Sostenibilidad y hacer turismo rural en nuestra casa rural, ubicada en la comarca del Bergued\u00e0, significa llevar a cabo unas acciones que todo el mundo puede aplicar para ser m\u00e1s respetuosos con nuestro entorno:<\/p>\n<p>\nPara el exterior de la casa rural, tenemos\u00a0luces solar de led con sensor de movimiento, de esta manera cuando se tiene que salir de la casa por la noche, no se tiene que buscar los interruptores &#8230;<\/p>\n","protected":false},"author":1,"featured_media":0,"parent":0,"menu_order":0,"comment_status":"closed","ping_status":"closed","template":"","meta":{"ngg_post_thumbnail":0},"yoast_head":"<!-- This site is optimized with the Yoast SEO plugin v15.7 - https:\/\/yoast.com\/wordpress\/plugins\/seo\/ -->\n<meta name=\"robots\" content=\"index, follow, max-snippet:-1, max-image-preview:large, max-video-preview:-1\" \/>\n<link rel=\"canonical\" href=\"https:\/\/www.casabaluard.com\/sustainability\/\" \/>\n<meta property=\"og:locale\" content=\"es_ES\" \/>\n<meta property=\"og:type\" content=\"article\" \/>\n<meta property=\"og:title\" content=\"Sostenibilidad - Casa Rural - Casa Baluard\" \/>\n<meta property=\"og:description\" content=\"[vc_row][vc_column width=&#8221;2\/3&#8243;][vc_column_text] Sostenibilidad en la casa rural Sostenibilidad y hacer turismo rural en nuestra casa rural, ubicada en la comarca del Bergued\u00e0, significa llevar a cabo unas acciones que todo el mundo puede aplicar para ser m\u00e1s respetuosos con nuestro entorno:  Para el exterior de la casa rural, tenemos\u00a0luces solar de led con sensor de movimiento, de esta manera cuando se tiene que salir de la casa por la noche, no se tiene que buscar los interruptores ...\" \/>\n<meta property=\"og:url\" content=\"https:\/\/www.casabaluard.com\/sustainability\/\" \/>\n<meta property=\"og:site_name\" content=\"Casa Rural - Casa Baluard\" \/>\n<meta property=\"article:modified_time\" content=\"2019-11-27T18:01:46+00:00\" \/>\n<meta name=\"twitter:card\" content=\"summary\" \/>\n<meta name=\"twitter:label1\" content=\"Tiempo de lectura\">\n\t<meta name=\"twitter:data1\" content=\"7 minutos\">\n<script type=\"application\/ld+json\" class=\"yoast-schema-graph\">{\"@context\":\"https:\/\/schema.org\",\"@graph\":[{\"@type\":\"WebSite\",\"@id\":\"https:\/\/www.casabaluard.com\/en\/#website\",\"url\":\"https:\/\/www.casabaluard.com\/en\/\",\"name\":\"Casa Rural - Casa Baluard\",\"description\":\"Casa de Turisme Rural al Bergued\\u00e0\",\"potentialAction\":[{\"@type\":\"SearchAction\",\"target\":\"https:\/\/www.casabaluard.com\/en\/?s={search_term_string}\",\"query-input\":\"required name=search_term_string\"}],\"inLanguage\":\"es\"},{\"@type\":\"WebPage\",\"@id\":\"https:\/\/www.casabaluard.com\/sustainability\/#webpage\",\"url\":\"https:\/\/www.casabaluard.com\/sustainability\/\",\"name\":\"Sostenibilidad - Casa Rural - Casa Baluard\",\"isPartOf\":{\"@id\":\"https:\/\/www.casabaluard.com\/en\/#website\"},\"datePublished\":\"2019-10-23T11:48:36+00:00\",\"dateModified\":\"2019-11-27T18:01:46+00:00\",\"inLanguage\":\"es\",\"potentialAction\":[{\"@type\":\"ReadAction\",\"target\":[\"https:\/\/www.casabaluard.com\/sustainability\/\"]}]}]}<\/script>\n<!-- \/ Yoast SEO plugin. -->","_links":{"self":[{"href":"https:\/\/www.casabaluard.com\/es\/wp-json\/wp\/v2\/pages\/1255"}],"collection":[{"href":"https:\/\/www.casabaluard.com\/es\/wp-json\/wp\/v2\/pages"}],"about":[{"href":"https:\/\/www.casabaluard.com\/es\/wp-json\/wp\/v2\/types\/page"}],"author":[{"embeddable":true,"href":"https:\/\/www.casabaluard.com\/es\/wp-json\/wp\/v2\/users\/1"}],"replies":[{"embeddable":true,"href":"https:\/\/www.casabaluard.com\/es\/wp-json\/wp\/v2\/comments?post=1255"}],"version-history":[{"count":5,"href":"https:\/\/www.casabaluard.com\/es\/wp-json\/wp\/v2\/pages\/1255\/revisions"}],"predecessor-version":[{"id":1264,"href":"https:\/\/www.casabaluard.com\/es\/wp-json\/wp\/v2\/pages\/1255\/revisions\/1264"}],"wp:attachment":[{"href":"https:\/\/www.casabaluard.com\/es\/wp-json\/wp\/v2\/media?parent=1255"}],"curies":[{"name":"wp","href":"https:\/\/api.w.org\/{rel}","templated":true}]}}